{"id":7,"date":"2017-05-01T12:23:44","date_gmt":"2017-05-01T10:23:44","guid":{"rendered":"http:\/\/www.bcrognac.be\/?page_id=7"},"modified":"2018-08-17T11:23:15","modified_gmt":"2018-08-17T09:23:15","slug":"accueil","status":"publish","type":"page","link":"https:\/\/www.bcrognac.be\/","title":{"rendered":"Accueil"},"content":{"rendered":"<p>Bienvenue sur notre site.<\/p>\n<p>A travers ces quelques pages, nous esp\u00e9rons partager bri\u00e8vement notre vision de la relation qui doit s&#8217;installer avec nos clients.<\/p>\n<p>Situ\u00e9 \u00e0 Neuville-en-Condroz, le Bureau Comptable du Rognac, vous accompagne dans les missions suivantes :<\/p>\n<ul>\n<li>Aide \u00e0 la cr\u00e9ation d&#8217;entreprise tant en personne physique qu&#8217;en personne morale;<\/li>\n<li>Conseil en gestion d&#8217;entreprise;<\/li>\n<li>Assistance et repr\u00e9sentation fiscale (TVA, IPP, ISOC, IPM, Taxe compensatoire, &#8230;)<\/li>\n<li>Assistance ou tenue de la comptabilit\u00e9<\/li>\n<li>Droit des soci\u00e9t\u00e9s et associations sans but lucratif<\/li>\n<li>Droit social<\/li>\n<li>&#8230;<\/li>\n<\/ul>\n<p>Dans notre pratique quotidienne, nous privil\u00e9gions au maximum la voie digitale. Ceci nous permet de nous concentrer sur la v\u00e9ritable mission qui nous semble \u00eatre au coeur de notre m\u00e9tier, vous accompagner et anticiper les enjeux qui se profilent pour vous.<\/p>\n<p>Dans ce contexte, nous vous proposons une rencontre afin d&#8217;apprendre \u00e0 se conna\u00eetre et construire une relation de confiance.<\/p>\n","protected":false},"excerpt":{"rendered":"<p>Bienvenue sur notre site. A travers ces quelques pages, nous esp\u00e9rons partager bri\u00e8vement notre vision de la relation qui doit s&#8217;installer avec nos clients. Situ\u00e9 \u00e0 Neuville-en-Condroz, le Bureau Comptable du Rognac, vous accompagne dans les missions suivantes : Aide \u00e0 la cr\u00e9ation d&#8217;entreprise tant en personne physique qu&#8217;en personne morale; Conseil en gestion d&#8217;entreprise; &hellip; <\/p>\n<p class=\"link-more\"><a href=\"https:\/\/www.bcrognac.be\/\" class=\"more-link\">Continue reading<span class=\"screen-reader-text\"> &#8220;Accueil&#8221;<\/span><\/a><\/p>\n","protected":false},"author":1,"featured_media":47,"parent":0,"menu_order":0,"comment_status":"closed","ping_status":"closed","template":"","meta":[],"_links":{"self":[{"href":"https:\/\/www.bcrognac.be\/index.php\/wp-json\/wp\/v2\/pages\/7"}],"collection":[{"href":"https:\/\/www.bcrognac.be\/index.php\/wp-json\/wp\/v2\/pages"}],"about":[{"href":"https:\/\/www.bcrognac.be\/index.php\/wp-json\/wp\/v2\/types\/page"}],"author":[{"embeddable":true,"href":"https:\/\/www.bcrognac.be\/index.php\/wp-json\/wp\/v2\/users\/1"}],"replies":[{"embeddable":true,"href":"https:\/\/www.bcrognac.be\/index.php\/wp-json\/wp\/v2\/comments?post=7"}],"version-history":[{"count":4,"href":"https:\/\/www.bcrognac.be\/index.php\/wp-json\/wp\/v2\/pages\/7\/revisions"}],"predecessor-version":[{"id":62,"href":"https:\/\/www.bcrognac.be\/index.php\/wp-json\/wp\/v2\/pages\/7\/revisions\/62"}],"wp:featuredmedia":[{"embeddable":true,"href":"https:\/\/www.bcrognac.be\/index.php\/wp-json\/wp\/v2\/media\/47"}],"wp:attachment":[{"href":"https:\/\/www.bcrognac.be\/index.php\/wp-json\/wp\/v2\/media?parent=7"}],"curies":[{"name":"wp","href":"https:\/\/api.w.org\/{rel}","templated":true}]}}