{"id":8,"date":"2017-05-01T12:23:44","date_gmt":"2017-05-01T10:23:44","guid":{"rendered":"http:\/\/www.bcrognac.be\/?page_id=8"},"modified":"2021-03-04T23:27:13","modified_gmt":"2021-03-04T22:27:13","slug":"a-propos-de","status":"publish","type":"page","link":"https:\/\/www.bcrognac.be\/index.php\/a-propos-de\/","title":{"rendered":"Informations l\u00e9gales et d\u00e9ontologiques"},"content":{"rendered":"<p><strong>FICHE D\u2019INFORMATIONS DU PROFESSIONNEL IPCF<\/strong><\/p>\n<p><strong>art.74-77 Code de droit \u00e9conomique<\/strong><\/p>\n<p><em>En ex\u00e9cution des articles 74 \u00e0 77 du livre III, titre III, chapitre I du Code de droit \u00e9conomique, les informations l\u00e9gales suivantes sont communiqu\u00e9es ou mises \u00e0 la disposition des clients\u00a0:<\/em><\/p>\n<p><em>\u00a0\u00a0\u00a0\u00a0\u00a0\u00a0\u00a0\u00a0\u00a0\u00a0\u00a0\u00a0\u00a0\u00a0\u00a0\u00a0\u00a0\u00a0\u00a0\u00a0\u00a0\u00a0\u00a0\u00a0\u00a0\u00a0\u00a0\u00a0\u00a0\u00a0\u00a0\u00a0\u00a0\u00a0\u00a0\u00a0\u00a0\u00a0 <\/em><\/p>\n<table>\n<tbody>\n<tr>\n<td width=\"271\"><strong>Nom ou d\u00e9nomination sociale\u00a0:<\/strong><\/td>\n<td width=\"290\"><strong>Bureau Comptable du Rognac<\/strong><\/td>\n<\/tr>\n<tr>\n<td width=\"271\"><strong>D\u00e9nomination usuelle\u00a0:<\/strong><\/td>\n<td width=\"290\"><strong>Bureau Comptable du Rognac<\/strong><\/td>\n<\/tr>\n<tr>\n<td width=\"271\"><strong>Forme juridique\u00a0:<\/strong><\/td>\n<td width=\"290\">SRL<\/td>\n<\/tr>\n<tr>\n<td width=\"271\"><strong>Num\u00e9ro d&#8217;entreprise\u00a0:<\/strong><\/td>\n<td width=\"290\"><strong>0698.684.268<\/strong><\/td>\n<\/tr>\n<tr>\n<td width=\"271\"><strong>Si\u00e8ge social\u00a0:<\/strong><\/td>\n<td width=\"290\"><strong>Avenue du Bois Imp\u00e9rial Rognac, 73<\/strong><\/p>\n<p><strong>4121 Neuville-en-Condroz<\/strong><\/td>\n<\/tr>\n<tr>\n<td width=\"271\"><strong>Coordonn\u00e9es:<\/strong><\/td>\n<td width=\"290\"><a href=\"mailto:info@bcrognac.be\"><strong>info(at)bcrognac.be<\/strong><\/a><\/p>\n<p><strong>0485\/820.766 ou 04\/252.05.51<\/strong><\/td>\n<\/tr>\n<tr>\n<td width=\"271\"><strong>Organisation professionnelle et r\u00e9glementation<\/strong><\/td>\n<td width=\"290\"><strong>ITAA \u2013 Institute for Tax Advisors and Accountants \u2013 Boulevard Emile Jacqmain , 135\/2 -1000- Bruxelles<\/strong>: <a href=\"http:\/\/www.itaa.be\">www.itaa.be<\/a><\/p>\n<p>Organisme officiel d\u2019int\u00e9r\u00eat public. Fond\u00e9 par l\u2019AR du 11 septembre 2020 <strong>relative aux professions d&#8217;experts-comptables et fiscales.<\/strong><\/p>\n<p><strong>&#8211; Code de D\u00e9ontologie :\u00a0<\/strong><\/td>\n<\/tr>\n<tr>\n<td width=\"271\"><strong>Titre professionnel l\u00e9galement requis <\/strong><\/td>\n<td width=\"290\">Expert-Comptable Fiscaliste<\/td>\n<\/tr>\n<tr>\n<td width=\"271\"><strong>Num\u00e9ro d\u2019agr\u00e9ation<\/strong><\/td>\n<td width=\"290\"><strong>5019 6284<\/strong><\/td>\n<\/tr>\n<tr>\n<td width=\"271\"><strong>Pays ayant octroy\u00e9 le titre<\/strong><\/td>\n<td width=\"290\"><strong>Belgique<\/strong><\/td>\n<\/tr>\n<tr>\n<td width=\"271\"><strong>Conditions g\u00e9n\u00e9rales et Clauses g\u00e9n\u00e9rales\u00a0 &#8211; langue d\u2019usage\u00a0 <\/strong><\/td>\n<td width=\"290\">Cf. lettre de mission<\/td>\n<\/tr>\n<tr>\n<td width=\"271\"><strong>Prix du service pr\u00e9alablement d\u00e9termin\u00e9 :<\/strong><\/td>\n<td width=\"290\">Le tarif applicable sera d\u00e9termin\u00e9 individuellement au moment de l\u2019\u00e9laboration de la lettre de mission.<\/p>\n<p>A titre d\u2019information, je fonctionne selon une tarification horaire, je ne pratique qu\u2019exceptionnellement des forfaits. Ces derniers ne concernant que des missions ponctuelles sp\u00e9cifiques.<\/td>\n<\/tr>\n<tr>\n<td width=\"271\"><strong>Principales caract\u00e9ristiques des services fournis, avec codes NACEBEL \u00a0<\/strong>:<\/td>\n<td width=\"290\"><strong>Comptabilit\u00e9, fiscalit\u00e9, conseils -loi 1999 \u2013 art.49 et art.20 code de d\u00e9ontologie- <\/strong><\/p>\n<p><strong>Code\u00a0NACEBEL: 69202<\/strong><\/td>\n<\/tr>\n<tr>\n<td width=\"271\"><strong>Les assurances\u00a0:\u00a0<\/strong><\/td>\n<td width=\"290\"><strong>Police collective\u00a0:<\/strong> Assureur\u00a0: Allianz via le courtier Marsh-Affinity, bd du Souverain, 2-1170- Bruxelles<strong>.<\/strong><\/p>\n<p><strong>Couverture<\/strong>\u00a0:<\/p>\n<p>(Sans pr\u00e9judice des pr\u00e9cisions indiqu\u00e9es \u00e0 l&#8217;art. 2.10 &#8211; 1.1 al. 2 de la police)\u00a0 la garantie s&#8217;applique aux faits survenus dans le monde entier pour les activit\u00e9s que les assur\u00e9s exercent habituellement \u00e0 partir de leur si\u00e8ge d&#8217;activit\u00e9 en Belgique.<strong>\u00a0<\/strong><\/td>\n<\/tr>\n<tr>\n<td width=\"271\"><strong>Service m\u00e9diation pour le consommateur litige de consommation<\/strong><\/p>\n<p><strong>consommateur (personne physique non professionnelle)<\/strong><\/td>\n<td width=\"290\">A compter du 01\/01\/2015<\/p>\n<p>Cf. Service public f\u00e9d\u00e9ral Economie, P.M.E., Classes moyennes et Energie<\/td>\n<\/tr>\n<\/tbody>\n<\/table>\n","protected":false},"excerpt":{"rendered":"<p>FICHE D\u2019INFORMATIONS DU PROFESSIONNEL IPCF art.74-77 Code de droit \u00e9conomique En ex\u00e9cution des articles 74 \u00e0 77 du livre III, titre III, chapitre I du Code de droit \u00e9conomique, les informations l\u00e9gales suivantes sont communiqu\u00e9es ou mises \u00e0 la disposition des clients\u00a0: \u00a0\u00a0\u00a0\u00a0\u00a0\u00a0\u00a0\u00a0\u00a0\u00a0\u00a0\u00a0\u00a0\u00a0\u00a0\u00a0\u00a0\u00a0\u00a0\u00a0\u00a0\u00a0\u00a0\u00a0\u00a0\u00a0\u00a0\u00a0\u00a0\u00a0\u00a0\u00a0\u00a0\u00a0\u00a0\u00a0\u00a0\u00a0 Nom ou d\u00e9nomination sociale\u00a0: Bureau Comptable du Rognac D\u00e9nomination usuelle\u00a0: Bureau Comptable &hellip; <\/p>\n<p class=\"link-more\"><a href=\"https:\/\/www.bcrognac.be\/index.php\/a-propos-de\/\" class=\"more-link\">Continue reading<span class=\"screen-reader-text\"> &#8220;Informations l\u00e9gales et d\u00e9ontologiques&#8221;<\/span><\/a><\/p>\n","protected":false},"author":1,"featured_media":77,"parent":0,"menu_order":0,"comment_status":"closed","ping_status":"closed","template":"","meta":[],"_links":{"self":[{"href":"https:\/\/www.bcrognac.be\/index.php\/wp-json\/wp\/v2\/pages\/8"}],"collection":[{"href":"https:\/\/www.bcrognac.be\/index.php\/wp-json\/wp\/v2\/pages"}],"about":[{"href":"https:\/\/www.bcrognac.be\/index.php\/wp-json\/wp\/v2\/types\/page"}],"author":[{"embeddable":true,"href":"https:\/\/www.bcrognac.be\/index.php\/wp-json\/wp\/v2\/users\/1"}],"replies":[{"embeddable":true,"href":"https:\/\/www.bcrognac.be\/index.php\/wp-json\/wp\/v2\/comments?post=8"}],"version-history":[{"count":6,"href":"https:\/\/www.bcrognac.be\/index.php\/wp-json\/wp\/v2\/pages\/8\/revisions"}],"predecessor-version":[{"id":80,"href":"https:\/\/www.bcrognac.be\/index.php\/wp-json\/wp\/v2\/pages\/8\/revisions\/80"}],"wp:featuredmedia":[{"embeddable":true,"href":"https:\/\/www.bcrognac.be\/index.php\/wp-json\/wp\/v2\/media\/77"}],"wp:attachment":[{"href":"https:\/\/www.bcrognac.be\/index.php\/wp-json\/wp\/v2\/media?parent=8"}],"curies":[{"name":"wp","href":"https:\/\/api.w.org\/{rel}","templated":true}]}}