{"id":9,"date":"2017-05-01T12:23:44","date_gmt":"2017-05-01T10:23:44","guid":{"rendered":"http:\/\/www.bcrognac.be\/?page_id=9"},"modified":"2021-03-04T22:46:04","modified_gmt":"2021-03-04T21:46:04","slug":"contact","status":"publish","type":"page","link":"https:\/\/www.bcrognac.be\/index.php\/contact\/","title":{"rendered":"Contact"},"content":{"rendered":"<p>Je vous re\u00e7ois sur rendez-vous uniquement.<\/p>\n<p>Vous pouvez me joindre par t\u00e9l\u00e9phone au 0485\/820.766 durant les heures de bureau.<\/p>\n<p>N\u2019h\u00e9sitez pas \u00e0 me contacter par mail pour toutes questions sur<\/p>\n<p>info(at)bcrognac.be<\/p>\n","protected":false},"excerpt":{"rendered":"<p>Je vous re\u00e7ois sur rendez-vous uniquement. Vous pouvez me joindre par t\u00e9l\u00e9phone au 0485\/820.766 durant les heures de bureau. N\u2019h\u00e9sitez pas \u00e0 me contacter par mail pour toutes questions sur info(at)bcrognac.be<\/p>\n","protected":false},"author":1,"featured_media":70,"parent":0,"menu_order":0,"comment_status":"closed","ping_status":"closed","template":"","meta":[],"_links":{"self":[{"href":"https:\/\/www.bcrognac.be\/index.php\/wp-json\/wp\/v2\/pages\/9"}],"collection":[{"href":"https:\/\/www.bcrognac.be\/index.php\/wp-json\/wp\/v2\/pages"}],"about":[{"href":"https:\/\/www.bcrognac.be\/index.php\/wp-json\/wp\/v2\/types\/page"}],"author":[{"embeddable":true,"href":"https:\/\/www.bcrognac.be\/index.php\/wp-json\/wp\/v2\/users\/1"}],"replies":[{"embeddable":true,"href":"https:\/\/www.bcrognac.be\/index.php\/wp-json\/wp\/v2\/comments?post=9"}],"version-history":[{"count":3,"href":"https:\/\/www.bcrognac.be\/index.php\/wp-json\/wp\/v2\/pages\/9\/revisions"}],"predecessor-version":[{"id":65,"href":"https:\/\/www.bcrognac.be\/index.php\/wp-json\/wp\/v2\/pages\/9\/revisions\/65"}],"wp:featuredmedia":[{"embeddable":true,"href":"https:\/\/www.bcrognac.be\/index.php\/wp-json\/wp\/v2\/media\/70"}],"wp:attachment":[{"href":"https:\/\/www.bcrognac.be\/index.php\/wp-json\/wp\/v2\/media?parent=9"}],"curies":[{"name":"wp","href":"https:\/\/api.w.org\/{rel}","templated":true}]}}